{"id":72982,"date":"2026-03-31T13:53:29","date_gmt":"2026-03-31T20:53:29","guid":{"rendered":"https:\/\/penderfund.com\/?page_id=72982"},"modified":"2026-04-01T00:08:15","modified_gmt":"2026-04-01T07:08:15","slug":"careers","status":"publish","type":"page","link":"https:\/\/penderfund.com\/fr\/careers\/","title":{"rendered":"Carri\u00e8res"},"content":{"rendered":"<p>La soci\u00e9t\u00e9 a \u00e9t\u00e9 fond\u00e9e en 2003 pour investir dans les entreprises \u00e9mergentes exer\u00e7ant leurs activit\u00e9s dans le domaine de la technologie. Nous sommes pass\u00e9s d\u2019un tout petit nombre de marginaux f\u00e9rus du placement \u00e0 une entreprise qui a depuis pris de l\u2019ampleur. En recherchant et en embauchant les personnes les plus qualifi\u00e9es, les plus talentueuses et les plus exp\u00e9riment\u00e9es pour pourvoir les postes que nous annon\u00e7ons, nous pouvons affirmer que nous privil\u00e9gions la diversit\u00e9 et l\u2019inclusion.<\/p>\n<p>\u00c0 notre avis, il est clair que la diversification et l\u2019inclusion nous avantagent grandement. Nos conversations sont plus ouvertes et exhaustives, ce qui nous am\u00e8ne \u00e0 prendre des d\u00e9cisions \u00e9clair\u00e9es qui portent leurs fruits pour nos clients. Nous n\u2019avons pas tous des ant\u00e9c\u00e9dents dans les services financiers, ce qui repr\u00e9sente une des meilleures fa\u00e7ons d\u2019atteindre une r\u00e9elle diversification; nous pouvons ainsi mettre nos connaissances et notre vaste exp\u00e9rience au service de chaque sc\u00e9nario.<\/p>","protected":false},"excerpt":{"rendered":"<p>Pender was founded in 2003 to invest in emerging technology companies. From a couple of investing misfits our company has grown. By seeking out and hiring the most qualified, talented and experienced people to fill the roles we advertised we have evolved naturally into a diverse and inclusive workforce. We have found that being diverse [&hellip;]<\/p>\n","protected":false},"author":8,"featured_media":0,"parent":0,"menu_order":0,"comment_status":"closed","ping_status":"closed","template":"","meta":{"_acf_changed":false,"footnotes":""},"class_list":["post-72982","page","type-page","status-publish","hentry"],"acf":[],"yoast_head":"<!-- This site is optimized with the Yoast SEO Premium plugin v27.2 (Yoast SEO v27.2) - https:\/\/yoast.com\/product\/yoast-seo-premium-wordpress\/ -->\n<title>Careers<\/title>\n<meta name=\"description\" content=\"Explore careers at Pender, an independent investment firm committed to integrity, excellence and diversity. View open roles across Canada.\" \/>\n<meta name=\"robots\" content=\"index, follow, max-snippet:-1, max-image-preview:large, max-video-preview:-1\" \/>\n<link rel=\"canonical\" href=\"https:\/\/penderfund.com\/fr\/careers\/\" \/>\n<meta property=\"og:locale\" content=\"fr_CA\" \/>\n<meta property=\"og:type\" content=\"article\" \/>\n<meta property=\"og:title\" content=\"Careers\" \/>\n<meta property=\"og:description\" content=\"Explore careers at Pender, an independent investment firm committed to integrity, excellence and diversity. View open roles across Canada.\" \/>\n<meta property=\"og:url\" content=\"https:\/\/penderfund.com\/fr\/careers\/\" \/>\n<meta property=\"og:site_name\" content=\"PenderFund Capital Management\" \/>\n<meta property=\"article:publisher\" content=\"https:\/\/www.facebook.com\/penderfund\/\" \/>\n<meta property=\"article:modified_time\" content=\"2026-04-01T07:08:15+00:00\" \/>\n<meta name=\"twitter:card\" content=\"summary_large_image\" \/>\n<meta name=\"twitter:label1\" content=\"Estimation du temps de lecture\" \/>\n\t<meta name=\"twitter:data1\" content=\"8 minutes\" \/>\n<script type=\"application\/ld+json\" class=\"yoast-schema-graph\">{\"@context\":\"https:\/\/schema.org\",\"@graph\":[{\"@type\":\"WebPage\",\"@id\":\"https:\/\/penderfund.com\/careers\/\",\"url\":\"https:\/\/penderfund.com\/careers\/\",\"name\":\"Careers\",\"isPartOf\":{\"@id\":\"https:\/\/penderfund.com\/#website\"},\"datePublished\":\"2026-03-31T20:53:29+00:00\",\"dateModified\":\"2026-04-01T07:08:15+00:00\",\"description\":\"Explore careers at Pender, an independent investment firm committed to integrity, excellence and diversity. View open roles across Canada.\",\"breadcrumb\":{\"@id\":\"https:\/\/penderfund.com\/careers\/#breadcrumb\"},\"inLanguage\":\"fr-CA\",\"potentialAction\":[{\"@type\":\"ReadAction\",\"target\":[\"https:\/\/penderfund.com\/careers\/\"]}]},{\"@type\":\"BreadcrumbList\",\"@id\":\"https:\/\/penderfund.com\/careers\/#breadcrumb\",\"itemListElement\":[{\"@type\":\"ListItem\",\"position\":1,\"name\":\"Home\",\"item\":\"https:\/\/penderfund.com\/\"},{\"@type\":\"ListItem\",\"position\":2,\"name\":\"Careers\"}]},{\"@type\":\"WebSite\",\"@id\":\"https:\/\/penderfund.com\/#website\",\"url\":\"https:\/\/penderfund.com\/\",\"name\":\"PenderFund Capital Management\",\"description\":\"Forward thinking. Finding value.\",\"publisher\":{\"@id\":\"https:\/\/penderfund.com\/#organization\"},\"potentialAction\":[{\"@type\":\"SearchAction\",\"target\":{\"@type\":\"EntryPoint\",\"urlTemplate\":\"https:\/\/penderfund.com\/?s={search_term_string}\"},\"query-input\":{\"@type\":\"PropertyValueSpecification\",\"valueRequired\":true,\"valueName\":\"search_term_string\"}}],\"inLanguage\":\"fr-CA\"},{\"@type\":\"Organization\",\"@id\":\"https:\/\/penderfund.com\/#organization\",\"name\":\"PenderFund Capital Management\",\"url\":\"https:\/\/penderfund.com\/\",\"logo\":{\"@type\":\"ImageObject\",\"inLanguage\":\"fr-CA\",\"@id\":\"https:\/\/penderfund.com\/#\/schema\/logo\/image\/\",\"url\":\"https:\/\/penderfund.com\/wp-content\/uploads\/2025\/06\/PenderFund-Cap-Man-Logo_English.png\",\"contentUrl\":\"https:\/\/penderfund.com\/wp-content\/uploads\/2025\/06\/PenderFund-Cap-Man-Logo_English.png\",\"width\":850,\"height\":250,\"caption\":\"PenderFund Capital Management\"},\"image\":{\"@id\":\"https:\/\/penderfund.com\/#\/schema\/logo\/image\/\"},\"sameAs\":[\"https:\/\/www.facebook.com\/penderfund\/\",\"https:\/\/www.instagram.com\/penderfund\/\",\"https:\/\/www.linkedin.com\/company\/penderfund-capital-management\/\"]}]}<\/script>\n<!-- \/ Yoast SEO Premium plugin. -->","yoast_head_json":{"title":"Carri\u00e8res","description":"Explore careers at Pender, an independent investment firm committed to integrity, excellence and diversity. View open roles across Canada.","robots":{"index":"index","follow":"follow","max-snippet":"max-snippet:-1","max-image-preview":"max-image-preview:large","max-video-preview":"max-video-preview:-1"},"canonical":"https:\/\/penderfund.com\/fr\/careers\/","og_locale":"fr_CA","og_type":"article","og_title":"Careers","og_description":"Explore careers at Pender, an independent investment firm committed to integrity, excellence and diversity. View open roles across Canada.","og_url":"https:\/\/penderfund.com\/fr\/careers\/","og_site_name":"PenderFund Capital Management","article_publisher":"https:\/\/www.facebook.com\/penderfund\/","article_modified_time":"2026-04-01T07:08:15+00:00","twitter_card":"summary_large_image","twitter_misc":{"Estimation du temps de lecture":"8 minutes"},"schema":{"@context":"https:\/\/schema.org","@graph":[{"@type":"WebPage","@id":"https:\/\/penderfund.com\/careers\/","url":"https:\/\/penderfund.com\/careers\/","name":"Carri\u00e8res","isPartOf":{"@id":"https:\/\/penderfund.com\/#website"},"datePublished":"2026-03-31T20:53:29+00:00","dateModified":"2026-04-01T07:08:15+00:00","description":"Explore careers at Pender, an independent investment firm committed to integrity, excellence and diversity. View open roles across Canada.","breadcrumb":{"@id":"https:\/\/penderfund.com\/careers\/#breadcrumb"},"inLanguage":"fr-CA","potentialAction":[{"@type":"ReadAction","target":["https:\/\/penderfund.com\/careers\/"]}]},{"@type":"BreadcrumbList","@id":"https:\/\/penderfund.com\/careers\/#breadcrumb","itemListElement":[{"@type":"ListItem","position":1,"name":"Home","item":"https:\/\/penderfund.com\/"},{"@type":"ListItem","position":2,"name":"Careers"}]},{"@type":"WebSite","@id":"https:\/\/penderfund.com\/#website","url":"https:\/\/penderfund.com\/","name":"Gestion de capital PenderFund lt\u00e9e","description":"Forward thinking. Finding value.","publisher":{"@id":"https:\/\/penderfund.com\/#organization"},"potentialAction":[{"@type":"SearchAction","target":{"@type":"EntryPoint","urlTemplate":"https:\/\/penderfund.com\/?s={search_term_string}"},"query-input":{"@type":"PropertyValueSpecification","valueRequired":true,"valueName":"search_term_string"}}],"inLanguage":"fr-CA"},{"@type":"Organization","@id":"https:\/\/penderfund.com\/#organization","name":"Gestion de capital PenderFund lt\u00e9e","url":"https:\/\/penderfund.com\/","logo":{"@type":"ImageObject","inLanguage":"fr-CA","@id":"https:\/\/penderfund.com\/#\/schema\/logo\/image\/","url":"https:\/\/penderfund.com\/wp-content\/uploads\/2025\/06\/PenderFund-Cap-Man-Logo_English.png","contentUrl":"https:\/\/penderfund.com\/wp-content\/uploads\/2025\/06\/PenderFund-Cap-Man-Logo_English.png","width":850,"height":250,"caption":"PenderFund Capital Management"},"image":{"@id":"https:\/\/penderfund.com\/#\/schema\/logo\/image\/"},"sameAs":["https:\/\/www.facebook.com\/penderfund\/","https:\/\/www.instagram.com\/penderfund\/","https:\/\/www.linkedin.com\/company\/penderfund-capital-management\/"]}]}},"_links":{"self":[{"href":"https:\/\/penderfund.com\/fr\/wp-json\/wp\/v2\/pages\/72982","targetHints":{"allow":["GET"]}}],"collection":[{"href":"https:\/\/penderfund.com\/fr\/wp-json\/wp\/v2\/pages"}],"about":[{"href":"https:\/\/penderfund.com\/fr\/wp-json\/wp\/v2\/types\/page"}],"author":[{"embeddable":true,"href":"https:\/\/penderfund.com\/fr\/wp-json\/wp\/v2\/users\/8"}],"replies":[{"embeddable":true,"href":"https:\/\/penderfund.com\/fr\/wp-json\/wp\/v2\/comments?post=72982"}],"version-history":[{"count":2,"href":"https:\/\/penderfund.com\/fr\/wp-json\/wp\/v2\/pages\/72982\/revisions"}],"predecessor-version":[{"id":73127,"href":"https:\/\/penderfund.com\/fr\/wp-json\/wp\/v2\/pages\/72982\/revisions\/73127"}],"wp:attachment":[{"href":"https:\/\/penderfund.com\/fr\/wp-json\/wp\/v2\/media?parent=72982"}],"curies":[{"name":"wp","href":"https:\/\/api.w.org\/{rel}","templated":true}]}}