{"id":68557,"date":"2025-08-15T10:52:56","date_gmt":"2025-08-15T17:52:56","guid":{"rendered":"https:\/\/penderfund.com\/?page_id=68557"},"modified":"2026-03-10T10:45:20","modified_gmt":"2026-03-10T17:45:20","slug":"competences-en-matiere-de-revenu-fixe","status":"publish","type":"page","link":"https:\/\/penderfund.com\/fr\/capabilities-fixed-income\/","title":{"rendered":"Notre expertise dans les titres \u00e0 revenu fixe"},"content":{"rendered":"<p>Un investissement dans les titres de cr\u00e9ance, \u00e0 la fois souple et opportun, sur l\u2019ensemble de l\u2019\u00e9ventail de risque (des titres de cat\u00e9gorie investissement \u00e0 ceux en situation de d\u00e9tresse), le tout bien ancr\u00e9 dans un processus de recherche rigoureux.<\/p>","protected":false},"excerpt":{"rendered":"<p>Un investissement dans les titres de cr\u00e9ance, \u00e0 la fois souple et opportun, sur l\u2019ensemble de l\u2019\u00e9ventail de risque (des titres de cat\u00e9gorie investissement \u00e0 ceux en situation de d\u00e9tresse), le tout bien ancr\u00e9 dans un processus de recherche rigoureux.<\/p>","protected":false},"author":2,"featured_media":0,"parent":0,"menu_order":0,"comment_status":"closed","ping_status":"closed","template":"","meta":{"_acf_changed":false,"footnotes":""},"class_list":["post-68557","page","type-page","status-publish","hentry"],"acf":[],"yoast_head":"<!-- This site is optimized with the Yoast SEO Premium plugin v27.2 (Yoast SEO v27.2) - https:\/\/yoast.com\/product\/yoast-seo-premium-wordpress\/ -->\n<title>Fixed Income Capabilities<\/title>\n<meta name=\"description\" content=\"Explore Pender\u2019s fixed income capabilities with flexible, benchmark-agnostic credit strategies spanning investment grade to distressed debt.\" \/>\n<meta name=\"robots\" content=\"index, follow, max-snippet:-1, max-image-preview:large, max-video-preview:-1\" \/>\n<link rel=\"canonical\" href=\"https:\/\/penderfund.com\/fr\/competences-en-matiere-de-revenu-fixe\/\" \/>\n<meta property=\"og:locale\" content=\"fr_CA\" \/>\n<meta property=\"og:type\" content=\"article\" \/>\n<meta property=\"og:title\" content=\"Fixed Income Capabilities\" \/>\n<meta property=\"og:description\" content=\"Explore Pender\u2019s fixed income capabilities with flexible, benchmark-agnostic credit strategies spanning investment grade to distressed debt.\" \/>\n<meta property=\"og:url\" content=\"https:\/\/penderfund.com\/fr\/competences-en-matiere-de-revenu-fixe\/\" \/>\n<meta property=\"og:site_name\" content=\"PenderFund Capital Management\" \/>\n<meta property=\"article:publisher\" content=\"https:\/\/www.facebook.com\/penderfund\/\" \/>\n<meta property=\"article:modified_time\" content=\"2026-03-10T17:45:20+00:00\" \/>\n<meta name=\"twitter:card\" content=\"summary_large_image\" \/>\n<meta name=\"twitter:label1\" content=\"Estimation du temps de lecture\" \/>\n\t<meta name=\"twitter:data1\" content=\"3 minutes\" \/>\n<script type=\"application\/ld+json\" class=\"yoast-schema-graph\">{\"@context\":\"https:\/\/schema.org\",\"@graph\":[{\"@type\":\"WebPage\",\"@id\":\"https:\/\/penderfund.com\/capabilities-fixed-income\/\",\"url\":\"https:\/\/penderfund.com\/capabilities-fixed-income\/\",\"name\":\"Fixed Income Capabilities\",\"isPartOf\":{\"@id\":\"https:\/\/penderfund.com\/#website\"},\"datePublished\":\"2025-08-15T17:52:56+00:00\",\"dateModified\":\"2026-03-10T17:45:20+00:00\",\"description\":\"Explore Pender\u2019s fixed income capabilities with flexible, benchmark-agnostic credit strategies spanning investment grade to distressed debt.\",\"breadcrumb\":{\"@id\":\"https:\/\/penderfund.com\/capabilities-fixed-income\/#breadcrumb\"},\"inLanguage\":\"fr-CA\",\"potentialAction\":[{\"@type\":\"ReadAction\",\"target\":[\"https:\/\/penderfund.com\/capabilities-fixed-income\/\"]}]},{\"@type\":\"BreadcrumbList\",\"@id\":\"https:\/\/penderfund.com\/capabilities-fixed-income\/#breadcrumb\",\"itemListElement\":[{\"@type\":\"ListItem\",\"position\":1,\"name\":\"Home\",\"item\":\"https:\/\/penderfund.com\/\"},{\"@type\":\"ListItem\",\"position\":2,\"name\":\"Fixed Income Capabilities\"}]},{\"@type\":\"WebSite\",\"@id\":\"https:\/\/penderfund.com\/#website\",\"url\":\"https:\/\/penderfund.com\/\",\"name\":\"PenderFund Capital Management\",\"description\":\"Forward thinking. Finding value.\",\"publisher\":{\"@id\":\"https:\/\/penderfund.com\/#organization\"},\"potentialAction\":[{\"@type\":\"SearchAction\",\"target\":{\"@type\":\"EntryPoint\",\"urlTemplate\":\"https:\/\/penderfund.com\/?s={search_term_string}\"},\"query-input\":{\"@type\":\"PropertyValueSpecification\",\"valueRequired\":true,\"valueName\":\"search_term_string\"}}],\"inLanguage\":\"fr-CA\"},{\"@type\":\"Organization\",\"@id\":\"https:\/\/penderfund.com\/#organization\",\"name\":\"PenderFund Capital Management\",\"url\":\"https:\/\/penderfund.com\/\",\"logo\":{\"@type\":\"ImageObject\",\"inLanguage\":\"fr-CA\",\"@id\":\"https:\/\/penderfund.com\/#\/schema\/logo\/image\/\",\"url\":\"https:\/\/penderfund.com\/wp-content\/uploads\/2025\/06\/PenderFund-Cap-Man-Logo_English.png\",\"contentUrl\":\"https:\/\/penderfund.com\/wp-content\/uploads\/2025\/06\/PenderFund-Cap-Man-Logo_English.png\",\"width\":850,\"height\":250,\"caption\":\"PenderFund Capital Management\"},\"image\":{\"@id\":\"https:\/\/penderfund.com\/#\/schema\/logo\/image\/\"},\"sameAs\":[\"https:\/\/www.facebook.com\/penderfund\/\",\"https:\/\/www.instagram.com\/penderfund\/\",\"https:\/\/www.linkedin.com\/company\/penderfund-capital-management\/\"]}]}<\/script>\n<!-- \/ Yoast SEO Premium plugin. -->","yoast_head_json":{"title":"Notre expertise dans les titres \u00e0 revenu fixe","description":"Explore Pender\u2019s fixed income capabilities with flexible, benchmark-agnostic credit strategies spanning investment grade to distressed debt.","robots":{"index":"index","follow":"follow","max-snippet":"max-snippet:-1","max-image-preview":"max-image-preview:large","max-video-preview":"max-video-preview:-1"},"canonical":"https:\/\/penderfund.com\/fr\/competences-en-matiere-de-revenu-fixe\/","og_locale":"fr_CA","og_type":"article","og_title":"Fixed Income Capabilities","og_description":"Explore Pender\u2019s fixed income capabilities with flexible, benchmark-agnostic credit strategies spanning investment grade to distressed debt.","og_url":"https:\/\/penderfund.com\/fr\/competences-en-matiere-de-revenu-fixe\/","og_site_name":"PenderFund Capital Management","article_publisher":"https:\/\/www.facebook.com\/penderfund\/","article_modified_time":"2026-03-10T17:45:20+00:00","twitter_card":"summary_large_image","twitter_misc":{"Estimation du temps de lecture":"3 minutes"},"schema":{"@context":"https:\/\/schema.org","@graph":[{"@type":"WebPage","@id":"https:\/\/penderfund.com\/capabilities-fixed-income\/","url":"https:\/\/penderfund.com\/capabilities-fixed-income\/","name":"Notre expertise dans les titres \u00e0 revenu fixe","isPartOf":{"@id":"https:\/\/penderfund.com\/#website"},"datePublished":"2025-08-15T17:52:56+00:00","dateModified":"2026-03-10T17:45:20+00:00","description":"Explore Pender\u2019s fixed income capabilities with flexible, benchmark-agnostic credit strategies spanning investment grade to distressed debt.","breadcrumb":{"@id":"https:\/\/penderfund.com\/capabilities-fixed-income\/#breadcrumb"},"inLanguage":"fr-CA","potentialAction":[{"@type":"ReadAction","target":["https:\/\/penderfund.com\/capabilities-fixed-income\/"]}]},{"@type":"BreadcrumbList","@id":"https:\/\/penderfund.com\/capabilities-fixed-income\/#breadcrumb","itemListElement":[{"@type":"ListItem","position":1,"name":"Home","item":"https:\/\/penderfund.com\/"},{"@type":"ListItem","position":2,"name":"Fixed Income Capabilities"}]},{"@type":"WebSite","@id":"https:\/\/penderfund.com\/#website","url":"https:\/\/penderfund.com\/","name":"Gestion de capital PenderFund lt\u00e9e","description":"Forward thinking. Finding value.","publisher":{"@id":"https:\/\/penderfund.com\/#organization"},"potentialAction":[{"@type":"SearchAction","target":{"@type":"EntryPoint","urlTemplate":"https:\/\/penderfund.com\/?s={search_term_string}"},"query-input":{"@type":"PropertyValueSpecification","valueRequired":true,"valueName":"search_term_string"}}],"inLanguage":"fr-CA"},{"@type":"Organization","@id":"https:\/\/penderfund.com\/#organization","name":"Gestion de capital PenderFund lt\u00e9e","url":"https:\/\/penderfund.com\/","logo":{"@type":"ImageObject","inLanguage":"fr-CA","@id":"https:\/\/penderfund.com\/#\/schema\/logo\/image\/","url":"https:\/\/penderfund.com\/wp-content\/uploads\/2025\/06\/PenderFund-Cap-Man-Logo_English.png","contentUrl":"https:\/\/penderfund.com\/wp-content\/uploads\/2025\/06\/PenderFund-Cap-Man-Logo_English.png","width":850,"height":250,"caption":"PenderFund Capital Management"},"image":{"@id":"https:\/\/penderfund.com\/#\/schema\/logo\/image\/"},"sameAs":["https:\/\/www.facebook.com\/penderfund\/","https:\/\/www.instagram.com\/penderfund\/","https:\/\/www.linkedin.com\/company\/penderfund-capital-management\/"]}]}},"_links":{"self":[{"href":"https:\/\/penderfund.com\/fr\/wp-json\/wp\/v2\/pages\/68557","targetHints":{"allow":["GET"]}}],"collection":[{"href":"https:\/\/penderfund.com\/fr\/wp-json\/wp\/v2\/pages"}],"about":[{"href":"https:\/\/penderfund.com\/fr\/wp-json\/wp\/v2\/types\/page"}],"author":[{"embeddable":true,"href":"https:\/\/penderfund.com\/fr\/wp-json\/wp\/v2\/users\/2"}],"replies":[{"embeddable":true,"href":"https:\/\/penderfund.com\/fr\/wp-json\/wp\/v2\/comments?post=68557"}],"version-history":[{"count":1,"href":"https:\/\/penderfund.com\/fr\/wp-json\/wp\/v2\/pages\/68557\/revisions"}],"predecessor-version":[{"id":72856,"href":"https:\/\/penderfund.com\/fr\/wp-json\/wp\/v2\/pages\/68557\/revisions\/72856"}],"wp:attachment":[{"href":"https:\/\/penderfund.com\/fr\/wp-json\/wp\/v2\/media?parent=68557"}],"curies":[{"name":"wp","href":"https:\/\/api.w.org\/{rel}","templated":true}]}}