{"id":158,"date":"2025-06-17T00:53:35","date_gmt":"2025-06-17T00:53:35","guid":{"rendered":"https:\/\/penderfund.com\/?page_id=158"},"modified":"2026-03-10T11:53:42","modified_gmt":"2026-03-10T18:53:42","slug":"company","status":"publish","type":"page","link":"https:\/\/penderfund.com\/fr\/company\/","title":{"rendered":"\u2009Soci\u00e9t\u00e9"},"content":{"rendered":"<p>Pender, soci\u00e9t\u00e9 ind\u00e9pendante appartenant \u00e0 ses employ\u00e9s, a \u00e9t\u00e9 \u00e9tablie en 2003 \u00e0 Vancouver, en Colombie-Britannique.<\/p>\n<p>D\u00e8s le premier jour, la vision de notre entreprise a \u00e9t\u00e9 d\u2019offrir un processus \u00e9prouv\u00e9 de placement aux investisseurs en qu\u00eate de rendements \u00e0 long terme dans des cat\u00e9gories d\u2019actifs vari\u00e9es. Au fil des ans, nous avons nourri notre passion pour le placement, affin\u00e9 notre curiosit\u00e9 pour mettre au jour des perles rares et peaufin\u00e9 notre expertise et rigueur dans un ensemble de comp\u00e9tences centrales, soit les titres de cr\u00e9ance de soci\u00e9t\u00e9s, la gestion active des actions dans les march\u00e9s inefficaces, les soci\u00e9t\u00e9s priv\u00e9es de technologie et d\u2019autres strat\u00e9gies alternatives.<\/p>\n<p>Notre \u00e9quipe talentueuse compos\u00e9e d\u2019analystes, de s\u00e9lecteurs de titres et de penseurs ind\u00e9pendants g\u00e8re activement une gamme de fonds de placements sp\u00e9cialis\u00e9s, publics et priv\u00e9s. Nous avons pour objectif d\u2019exploiter les zones inefficaces de l\u2019univers de placement pour d\u00e9gager des rendements ajust\u00e9s au risque potentiellement avantageux. Nous investissons aux c\u00f4t\u00e9s de nos clients et nous nous sommes engag\u00e9s \u00e0 prot\u00e9ger et \u00e0 faire fructifier le patrimoine des investisseurs au fil du temps.<\/p>\n<p>Cette proposition unique, selon nous, combine agilit\u00e9 et mode de pens\u00e9e ind\u00e9pendant \u00e0 une expertise sp\u00e9cialis\u00e9e, la poursuite de l\u2019excellence et un suivi rigoureux pour produire des rendements \u00e0 long terme pour nos clients.<\/p>","protected":false},"excerpt":{"rendered":"<p>Pender was founded in 2003 and is an independent, employee-owned investment firm located in Vancouver, British Columbia. From day one we were focused on building an investment firm with a proven process for investors looking for returns in non-core asset classes over the long term. We have honed our passion for investing, our curiosity for [&hellip;]<\/p>\n","protected":false},"author":2,"featured_media":0,"parent":0,"menu_order":0,"comment_status":"closed","ping_status":"closed","template":"","meta":{"_acf_changed":false,"footnotes":""},"class_list":["post-158","page","type-page","status-publish","hentry"],"acf":[],"yoast_head":"<!-- This site is optimized with the Yoast SEO Premium plugin v27.2 (Yoast SEO v27.2) - https:\/\/yoast.com\/product\/yoast-seo-premium-wordpress\/ -->\n<title>Who We Are<\/title>\n<meta name=\"description\" content=\"About Pender, an independent, employee-owned investment firm, focused on active equity, credit and alternative strategies.\" \/>\n<meta name=\"robots\" content=\"index, follow, max-snippet:-1, max-image-preview:large, max-video-preview:-1\" \/>\n<link rel=\"canonical\" href=\"https:\/\/penderfund.com\/fr\/company\/\" \/>\n<meta property=\"og:locale\" content=\"fr_CA\" \/>\n<meta property=\"og:type\" content=\"article\" \/>\n<meta property=\"og:title\" content=\"Company\" \/>\n<meta property=\"og:description\" content=\"About Pender, an independent, employee-owned investment firm, focused on active equity, credit and alternative strategies.\" \/>\n<meta property=\"og:url\" content=\"https:\/\/penderfund.com\/fr\/company\/\" \/>\n<meta property=\"og:site_name\" content=\"PenderFund Capital Management\" \/>\n<meta property=\"article:publisher\" content=\"https:\/\/www.facebook.com\/penderfund\/\" \/>\n<meta property=\"article:modified_time\" content=\"2026-03-10T18:53:42+00:00\" \/>\n<meta name=\"twitter:card\" content=\"summary_large_image\" \/>\n<meta name=\"twitter:label1\" content=\"Estimation du temps de lecture\" \/>\n\t<meta name=\"twitter:data1\" content=\"3 minutes\" \/>\n<script type=\"application\/ld+json\" class=\"yoast-schema-graph\">{\"@context\":\"https:\/\/schema.org\",\"@graph\":[{\"@type\":\"WebPage\",\"@id\":\"https:\/\/penderfund.com\/company\/\",\"url\":\"https:\/\/penderfund.com\/company\/\",\"name\":\"Who We Are\",\"isPartOf\":{\"@id\":\"https:\/\/penderfund.com\/#website\"},\"datePublished\":\"2025-06-17T00:53:35+00:00\",\"dateModified\":\"2026-03-10T18:53:42+00:00\",\"description\":\"About Pender, an independent, employee-owned investment firm, focused on active equity, credit and alternative strategies.\",\"breadcrumb\":{\"@id\":\"https:\/\/penderfund.com\/company\/#breadcrumb\"},\"inLanguage\":\"fr-CA\",\"potentialAction\":[{\"@type\":\"ReadAction\",\"target\":[\"https:\/\/penderfund.com\/company\/\"]}]},{\"@type\":\"BreadcrumbList\",\"@id\":\"https:\/\/penderfund.com\/company\/#breadcrumb\",\"itemListElement\":[{\"@type\":\"ListItem\",\"position\":1,\"name\":\"Home\",\"item\":\"https:\/\/penderfund.com\/\"},{\"@type\":\"ListItem\",\"position\":2,\"name\":\"Company\"}]},{\"@type\":\"WebSite\",\"@id\":\"https:\/\/penderfund.com\/#website\",\"url\":\"https:\/\/penderfund.com\/\",\"name\":\"PenderFund Capital Management\",\"description\":\"Forward thinking. Finding value.\",\"publisher\":{\"@id\":\"https:\/\/penderfund.com\/#organization\"},\"potentialAction\":[{\"@type\":\"SearchAction\",\"target\":{\"@type\":\"EntryPoint\",\"urlTemplate\":\"https:\/\/penderfund.com\/?s={search_term_string}\"},\"query-input\":{\"@type\":\"PropertyValueSpecification\",\"valueRequired\":true,\"valueName\":\"search_term_string\"}}],\"inLanguage\":\"fr-CA\"},{\"@type\":\"Organization\",\"@id\":\"https:\/\/penderfund.com\/#organization\",\"name\":\"PenderFund Capital Management\",\"url\":\"https:\/\/penderfund.com\/\",\"logo\":{\"@type\":\"ImageObject\",\"inLanguage\":\"fr-CA\",\"@id\":\"https:\/\/penderfund.com\/#\/schema\/logo\/image\/\",\"url\":\"https:\/\/penderfund.com\/wp-content\/uploads\/2025\/06\/PenderFund-Cap-Man-Logo_English.png\",\"contentUrl\":\"https:\/\/penderfund.com\/wp-content\/uploads\/2025\/06\/PenderFund-Cap-Man-Logo_English.png\",\"width\":850,\"height\":250,\"caption\":\"PenderFund Capital Management\"},\"image\":{\"@id\":\"https:\/\/penderfund.com\/#\/schema\/logo\/image\/\"},\"sameAs\":[\"https:\/\/www.facebook.com\/penderfund\/\",\"https:\/\/www.instagram.com\/penderfund\/\",\"https:\/\/www.linkedin.com\/company\/penderfund-capital-management\/\"]}]}<\/script>\n<!-- \/ Yoast SEO Premium plugin. -->","yoast_head_json":{"title":"Qui nous sommes","description":"About Pender, an independent, employee-owned investment firm, focused on active equity, credit and alternative strategies.","robots":{"index":"index","follow":"follow","max-snippet":"max-snippet:-1","max-image-preview":"max-image-preview:large","max-video-preview":"max-video-preview:-1"},"canonical":"https:\/\/penderfund.com\/fr\/company\/","og_locale":"fr_CA","og_type":"article","og_title":"Company","og_description":"About Pender, an independent, employee-owned investment firm, focused on active equity, credit and alternative strategies.","og_url":"https:\/\/penderfund.com\/fr\/company\/","og_site_name":"PenderFund Capital Management","article_publisher":"https:\/\/www.facebook.com\/penderfund\/","article_modified_time":"2026-03-10T18:53:42+00:00","twitter_card":"summary_large_image","twitter_misc":{"Estimation du temps de lecture":"3 minutes"},"schema":{"@context":"https:\/\/schema.org","@graph":[{"@type":"WebPage","@id":"https:\/\/penderfund.com\/company\/","url":"https:\/\/penderfund.com\/company\/","name":"Qui nous sommes","isPartOf":{"@id":"https:\/\/penderfund.com\/#website"},"datePublished":"2025-06-17T00:53:35+00:00","dateModified":"2026-03-10T18:53:42+00:00","description":"About Pender, an independent, employee-owned investment firm, focused on active equity, credit and alternative strategies.","breadcrumb":{"@id":"https:\/\/penderfund.com\/company\/#breadcrumb"},"inLanguage":"fr-CA","potentialAction":[{"@type":"ReadAction","target":["https:\/\/penderfund.com\/company\/"]}]},{"@type":"BreadcrumbList","@id":"https:\/\/penderfund.com\/company\/#breadcrumb","itemListElement":[{"@type":"ListItem","position":1,"name":"Home","item":"https:\/\/penderfund.com\/"},{"@type":"ListItem","position":2,"name":"Company"}]},{"@type":"WebSite","@id":"https:\/\/penderfund.com\/#website","url":"https:\/\/penderfund.com\/","name":"Gestion de capital PenderFund lt\u00e9e","description":"Forward thinking. Finding value.","publisher":{"@id":"https:\/\/penderfund.com\/#organization"},"potentialAction":[{"@type":"SearchAction","target":{"@type":"EntryPoint","urlTemplate":"https:\/\/penderfund.com\/?s={search_term_string}"},"query-input":{"@type":"PropertyValueSpecification","valueRequired":true,"valueName":"search_term_string"}}],"inLanguage":"fr-CA"},{"@type":"Organization","@id":"https:\/\/penderfund.com\/#organization","name":"Gestion de capital PenderFund lt\u00e9e","url":"https:\/\/penderfund.com\/","logo":{"@type":"ImageObject","inLanguage":"fr-CA","@id":"https:\/\/penderfund.com\/#\/schema\/logo\/image\/","url":"https:\/\/penderfund.com\/wp-content\/uploads\/2025\/06\/PenderFund-Cap-Man-Logo_English.png","contentUrl":"https:\/\/penderfund.com\/wp-content\/uploads\/2025\/06\/PenderFund-Cap-Man-Logo_English.png","width":850,"height":250,"caption":"PenderFund Capital Management"},"image":{"@id":"https:\/\/penderfund.com\/#\/schema\/logo\/image\/"},"sameAs":["https:\/\/www.facebook.com\/penderfund\/","https:\/\/www.instagram.com\/penderfund\/","https:\/\/www.linkedin.com\/company\/penderfund-capital-management\/"]}]}},"_links":{"self":[{"href":"https:\/\/penderfund.com\/fr\/wp-json\/wp\/v2\/pages\/158","targetHints":{"allow":["GET"]}}],"collection":[{"href":"https:\/\/penderfund.com\/fr\/wp-json\/wp\/v2\/pages"}],"about":[{"href":"https:\/\/penderfund.com\/fr\/wp-json\/wp\/v2\/types\/page"}],"author":[{"embeddable":true,"href":"https:\/\/penderfund.com\/fr\/wp-json\/wp\/v2\/users\/2"}],"replies":[{"embeddable":true,"href":"https:\/\/penderfund.com\/fr\/wp-json\/wp\/v2\/comments?post=158"}],"version-history":[{"count":1,"href":"https:\/\/penderfund.com\/fr\/wp-json\/wp\/v2\/pages\/158\/revisions"}],"predecessor-version":[{"id":72861,"href":"https:\/\/penderfund.com\/fr\/wp-json\/wp\/v2\/pages\/158\/revisions\/72861"}],"wp:attachment":[{"href":"https:\/\/penderfund.com\/fr\/wp-json\/wp\/v2\/media?parent=158"}],"curies":[{"name":"wp","href":"https:\/\/api.w.org\/{rel}","templated":true}]}}